{"id":104,"date":"2022-08-19T11:28:34","date_gmt":"2022-08-19T09:28:34","guid":{"rendered":"https:\/\/fitspa.de\/?page_id=104"},"modified":"2022-08-19T11:28:34","modified_gmt":"2022-08-19T09:28:34","slug":"burg-hohenzollern","status":"publish","type":"page","link":"https:\/\/fitspa.de\/?page_id=104","title":{"rendered":"Burg Hohenzollern"},"content":{"rendered":"\n<p>Mit \u00fcber 350.000 Besucherinnen und Besuchern aus aller Welt geh\u00f6rt der preussische Stammsitz, die <a href=\"https:\/\/preussen.de\">Burg Hohenzollern<\/a> zu den popul\u00e4rsten privaten Museen.<\/p>\n\n\n\n<figure class=\"wp-block-image size-full\"><img src=\"https:\/\/fitspa.de\/wp-content\/uploads\/BHZ_1_edit2.jpeg\" alt=\"\" class=\"wp-image-426\"\/><figcaption>Foto: Dominik Schwahn<\/figcaption><\/figure>\n\n\n\n<p>Sie befindet sich in 39 km Distanz zu Ihrem <a href=\"https:\/\/fitspa.de\/?hb_room=spa-bereich\">fitSPA<\/a>, der Besucherparkplatz ist in ca. 40 min mit dem PKW zu erreichen.<\/p>\n\n\n\n<div class=\"wp-block-jetpack-slideshow aligncenter\" data-effect=\"slide\"><div class=\"wp-block-jetpack-slideshow_container swiper-container\"><ul class=\"wp-block-jetpack-slideshow_swiper-wrapper swiper-wrapper\"><li class=\"wp-block-jetpack-slideshow_slide swiper-slide\"><figure><img alt=\"\" class=\"wp-block-jetpack-slideshow_image wp-image-417\" data-id=\"417\" src=\"https:\/\/fitspa.de\/wp-content\/uploads\/20200619_212133_edit_WP-2048x970.jpg\"\/><\/figure><\/li><li class=\"wp-block-jetpack-slideshow_slide swiper-slide\"><figure><img alt=\"\" class=\"wp-block-jetpack-slideshow_image wp-image-422\" data-id=\"422\" src=\"https:\/\/fitspa.de\/wp-content\/uploads\/BHZ_8_edit.jpeg\"\/><\/figure><\/li><li class=\"wp-block-jetpack-slideshow_slide swiper-slide\"><figure><img alt=\"\" class=\"wp-block-jetpack-slideshow_image wp-image-420\" data-id=\"420\" src=\"https:\/\/fitspa.de\/wp-content\/uploads\/BHZ_5_edit.jpeg\"\/><\/figure><\/li><li class=\"wp-block-jetpack-slideshow_slide swiper-slide\"><figure><img alt=\"\" class=\"wp-block-jetpack-slideshow_image wp-image-421\" data-id=\"421\" src=\"https:\/\/fitspa.de\/wp-content\/uploads\/BHZ_7_edit.jpeg\"\/><\/figure><\/li><li class=\"wp-block-jetpack-slideshow_slide swiper-slide\"><figure><img alt=\"\" class=\"wp-block-jetpack-slideshow_image wp-image-423\" data-id=\"423\" src=\"https:\/\/fitspa.de\/wp-content\/uploads\/BHZ_9_edit.jpeg\"\/><\/figure><\/li><li class=\"wp-block-jetpack-slideshow_slide swiper-slide\"><figure><img alt=\"\" class=\"wp-block-jetpack-slideshow_image wp-image-419\" data-id=\"419\" src=\"https:\/\/fitspa.de\/wp-content\/uploads\/BHZ_4_Edit.jpeg\"\/><\/figure><\/li><li class=\"wp-block-jetpack-slideshow_slide swiper-slide\"><figure><img alt=\"\" class=\"wp-block-jetpack-slideshow_image wp-image-418\" data-id=\"418\" src=\"https:\/\/fitspa.de\/wp-content\/uploads\/BHZ_3_edit.jpeg\"\/><\/figure><\/li><li class=\"wp-block-jetpack-slideshow_slide swiper-slide\"><figure><img alt=\"\" class=\"wp-block-jetpack-slideshow_image wp-image-412\" data-id=\"412\" src=\"https:\/\/fitspa.de\/wp-content\/uploads\/BHZ_2_edit.jpeg\"\/><\/figure><\/li><li class=\"wp-block-jetpack-slideshow_slide swiper-slide\"><figure><img alt=\"\" class=\"wp-block-jetpack-slideshow_image wp-image-409\" data-id=\"409\" src=\"https:\/\/fitspa.de\/wp-content\/uploads\/BHZ_1_edit.jpeg\"\/><\/figure><\/li><\/ul><a class=\"wp-block-jetpack-slideshow_button-prev swiper-button-prev swiper-button-white\" role=\"button\"><\/a><a class=\"wp-block-jetpack-slideshow_button-next swiper-button-next swiper-button-white\" role=\"button\"><\/a><a aria-label=\"Pause Slideshow\" class=\"wp-block-jetpack-slideshow_button-pause\" role=\"button\"><\/a><div class=\"wp-block-jetpack-slideshow_pagination swiper-pagination swiper-pagination-white\"><\/div><\/div><\/div>\n\n\n\n<p class=\"has-text-align-center\"><em>Fotostrecke: Dominik Schwahn.<\/em><\/p>\n","protected":false},"excerpt":{"rendered":"<p>Mit \u00fcber 350.000 Besucherinnen und Besuchern aus aller Welt geh\u00f6rt der preussische Stammsitz, die Burg Hohenzollern zu den popul\u00e4rsten privaten Museen. Sie befindet sich in 39 km Distanz zu Ihrem fitSPA, der Besucherparkplatz ist in ca. 40 min mit dem PKW zu erreichen. Fotostrecke: Dominik Schwahn.<\/p>\n","protected":false},"author":1,"featured_media":0,"parent":0,"menu_order":0,"comment_status":"closed","ping_status":"closed","template":"","meta":[],"_links":{"self":[{"href":"https:\/\/fitspa.de\/index.php?rest_route=\/wp\/v2\/pages\/104"}],"collection":[{"href":"https:\/\/fitspa.de\/index.php?rest_route=\/wp\/v2\/pages"}],"about":[{"href":"https:\/\/fitspa.de\/index.php?rest_route=\/wp\/v2\/types\/page"}],"author":[{"embeddable":true,"href":"https:\/\/fitspa.de\/index.php?rest_route=\/wp\/v2\/users\/1"}],"replies":[{"embeddable":true,"href":"https:\/\/fitspa.de\/index.php?rest_route=%2Fwp%2Fv2%2Fcomments&post=104"}],"version-history":[{"count":1,"href":"https:\/\/fitspa.de\/index.php?rest_route=\/wp\/v2\/pages\/104\/revisions"}],"predecessor-version":[{"id":105,"href":"https:\/\/fitspa.de\/index.php?rest_route=\/wp\/v2\/pages\/104\/revisions\/105"}],"wp:attachment":[{"href":"https:\/\/fitspa.de\/index.php?rest_route=%2Fwp%2Fv2%2Fmedia&parent=104"}],"curies":[{"name":"wp","href":"https:\/\/api.w.org\/{rel}","templated":true}]}}