{"id":106,"date":"2022-08-19T11:29:42","date_gmt":"2022-08-19T09:29:42","guid":{"rendered":"https:\/\/fitspa.de\/?page_id=106"},"modified":"2022-08-19T23:46:47","modified_gmt":"2022-08-19T21:46:47","slug":"der-ort","status":"publish","type":"page","link":"https:\/\/fitspa.de\/?page_id=106","title":{"rendered":"Der Ort"},"content":{"rendered":"\n<div class=\"wp-block-group\"><div class=\"wp-block-group__inner-container\">\n<figure class=\"wp-block-image size-large\"><img src=\"https:\/\/fitspa.de\/wp-content\/uploads\/IMG_20210905_140012_edit_WP-2048x568.jpg\" alt=\"\" class=\"wp-image-268\"\/><\/figure>\n\n\n\n<p><strong>Der Ort<\/strong>, in dem Sie Ihren <a href=\"\/?page_id=176\">fitSPA<\/a> Aufenthalt <a href=\"\/?page_id=176\">buchen<\/a>, besticht nicht nur durch <a rel=\"noreferrer noopener\" href=\"https:\/\/fitspa.de\/?page_id=117\" data-type=\"page\" data-id=\"117\" target=\"_blank\">Attraktionen<\/a> und ein \u00fcberdurchschnittliches <a href=\"\/?page_id=117\">Freizeitangebot<\/a>, sondern bietet l\u00e4ndliche Idylle als Grundlage f\u00fcr Ihre Erholung.<\/p>\n<\/div><\/div>\n\n\n\n<div class=\"wp-block-group\"><div class=\"wp-block-group__inner-container\">\n<figure class=\"wp-block-image size-large\"><img src=\"https:\/\/fitspa.de\/wp-content\/uploads\/IMG_20210905_135352_edit_WP-2048x663.jpg\" alt=\"\" class=\"wp-image-269\"\/><\/figure>\n\n\n\n<p>Die charmante Leichtigkeit des Seins neu zu erleben wird Ihnen in Entspannung und Akzeptanz gelingen.<\/p>\n<\/div><\/div>\n\n\n\n<div class=\"wp-block-group\"><div class=\"wp-block-group__inner-container\"><\/div><\/div>\n\n\n\n<div class=\"wp-block-group\"><div class=\"wp-block-group__inner-container\">\n<div class=\"wp-block-jetpack-tiled-gallery aligncenter is-style-rectangular\"><div class=\"tiled-gallery__gallery\"><div class=\"tiled-gallery__row\"><div class=\"tiled-gallery__col\" style=\"flex-basis:50.00000%\"><figure class=\"tiled-gallery__item\"><img srcset=\"https:\/\/i0.wp.com\/fitspa.de\/wp-content\/uploads\/Bueffelhof_Steinwand_1-1024x683.jpg?strip=info&#038;w=600&#038;ssl=1 600w,https:\/\/i0.wp.com\/fitspa.de\/wp-content\/uploads\/Bueffelhof_Steinwand_1-1024x683.jpg?strip=info&#038;w=900&#038;ssl=1 900w,https:\/\/i0.wp.com\/fitspa.de\/wp-content\/uploads\/Bueffelhof_Steinwand_1-1024x683.jpg?strip=info&#038;w=1200&#038;ssl=1 1200w,https:\/\/i0.wp.com\/fitspa.de\/wp-content\/uploads\/Bueffelhof_Steinwand_1-1024x683.jpg?strip=info&#038;w=1500&#038;ssl=1 1500w,https:\/\/i0.wp.com\/fitspa.de\/wp-content\/uploads\/Bueffelhof_Steinwand_1-1024x683.jpg?strip=info&#038;w=1800&#038;ssl=1 1800w,https:\/\/i0.wp.com\/fitspa.de\/wp-content\/uploads\/Bueffelhof_Steinwand_1-1024x683.jpg?strip=info&#038;w=1920&#038;ssl=1 1920w\" alt=\"\" data-height=\"1280\" data-id=\"33\" data-link=\"https:\/\/fitspa.de\/?attachment_id=33\" data-url=\"https:\/\/fitspa.de\/wp-content\/uploads\/Bueffelhof_Steinwand_1-1024x683.jpg\" data-width=\"1920\" src=\"https:\/\/i0.wp.com\/fitspa.de\/wp-content\/uploads\/Bueffelhof_Steinwand_1-1024x683.jpg?ssl=1\" data-amp-layout=\"responsive\"\/><\/figure><\/div><div class=\"tiled-gallery__col\" style=\"flex-basis:50.00000%\"><figure class=\"tiled-gallery__item\"><img srcset=\"https:\/\/i1.wp.com\/fitspa.de\/wp-content\/uploads\/Biohof_Frey_1-1024x683.jpg?strip=info&#038;w=600&#038;ssl=1 600w,https:\/\/i1.wp.com\/fitspa.de\/wp-content\/uploads\/Biohof_Frey_1-1024x683.jpg?strip=info&#038;w=900&#038;ssl=1 900w,https:\/\/i1.wp.com\/fitspa.de\/wp-content\/uploads\/Biohof_Frey_1-1024x683.jpg?strip=info&#038;w=1200&#038;ssl=1 1200w,https:\/\/i1.wp.com\/fitspa.de\/wp-content\/uploads\/Biohof_Frey_1-1024x683.jpg?strip=info&#038;w=1500&#038;ssl=1 1500w,https:\/\/i1.wp.com\/fitspa.de\/wp-content\/uploads\/Biohof_Frey_1-1024x683.jpg?strip=info&#038;w=1800&#038;ssl=1 1800w,https:\/\/i1.wp.com\/fitspa.de\/wp-content\/uploads\/Biohof_Frey_1-1024x683.jpg?strip=info&#038;w=1920&#038;ssl=1 1920w\" alt=\"\" data-height=\"1280\" data-id=\"30\" data-link=\"https:\/\/fitspa.de\/?attachment_id=30\" data-url=\"https:\/\/fitspa.de\/wp-content\/uploads\/Biohof_Frey_1-1024x683.jpg\" data-width=\"1920\" src=\"https:\/\/i1.wp.com\/fitspa.de\/wp-content\/uploads\/Biohof_Frey_1-1024x683.jpg?ssl=1\" data-amp-layout=\"responsive\"\/><\/figure><\/div><\/div><\/div><\/div>\n\n\n\n<p>Echte B\u00fcffel sieht man oft bei einem Spaziergang auf dem <a href=\"https:\/\/www.hof-steinwand.de\/\">B\u00fcffelhof Steinwand<\/a> mit Verkaufsautomat<br>und im <a href=\"https:\/\/www.biohof-frey.de\/\">Bioland Hofladen Frey<\/a> gibt es au\u00dferdem ein gro\u00dfes Sortiment an hochwertigen Erzeugnissen.<\/p>\n<\/div><\/div>\n\n\n\n<figure class=\"wp-block-image size-large\"><img src=\"https:\/\/fitspa.de\/wp-content\/uploads\/IMG_20210905_141402_edit_WP-2048x948.jpg\" alt=\"\" class=\"wp-image-271\"\/><\/figure>\n\n\n\n<p>Die atemberaubende <a href=\"\/?page_id=101\">Aussicht<\/a> vermittelt durch die H\u00f6henlage ein besonderes Gef\u00fchl der Freiheit. \u00dcberzeugen Sie sich selbst, wir freuen uns auf Sie!<\/p>\n\n\n\n<p><\/p>\n","protected":false},"excerpt":{"rendered":"<p>Der Ort, in dem Sie Ihren fitSPA Aufenthalt buchen, besticht nicht nur durch Attraktionen und ein \u00fcberdurchschnittliches Freizeitangebot, sondern bietet l\u00e4ndliche Idylle als Grundlage f\u00fcr Ihre Erholung. Die charmante Leichtigkeit des Seins neu zu erleben wird Ihnen in Entspannung und Akzeptanz gelingen. Echte B\u00fcffel sieht man oft bei einem Spaziergang auf dem B\u00fcffelhof Steinwand mit<\/p>\n<div><a class=\"btn-filled btn\" href=\"https:\/\/fitspa.de\/?page_id=106\" title=\"Der Ort\">Weiterlesen<\/a><\/div>\n","protected":false},"author":1,"featured_media":0,"parent":0,"menu_order":0,"comment_status":"closed","ping_status":"closed","template":"","meta":[],"_links":{"self":[{"href":"https:\/\/fitspa.de\/index.php?rest_route=\/wp\/v2\/pages\/106"}],"collection":[{"href":"https:\/\/fitspa.de\/index.php?rest_route=\/wp\/v2\/pages"}],"about":[{"href":"https:\/\/fitspa.de\/index.php?rest_route=\/wp\/v2\/types\/page"}],"author":[{"embeddable":true,"href":"https:\/\/fitspa.de\/index.php?rest_route=\/wp\/v2\/users\/1"}],"replies":[{"embeddable":true,"href":"https:\/\/fitspa.de\/index.php?rest_route=%2Fwp%2Fv2%2Fcomments&post=106"}],"version-history":[{"count":4,"href":"https:\/\/fitspa.de\/index.php?rest_route=\/wp\/v2\/pages\/106\/revisions"}],"predecessor-version":[{"id":208,"href":"https:\/\/fitspa.de\/index.php?rest_route=\/wp\/v2\/pages\/106\/revisions\/208"}],"wp:attachment":[{"href":"https:\/\/fitspa.de\/index.php?rest_route=%2Fwp%2Fv2%2Fmedia&parent=106"}],"curies":[{"name":"wp","href":"https:\/\/api.w.org\/{rel}","templated":true}]}}