{"id":108,"date":"2022-08-19T11:30:40","date_gmt":"2022-08-19T09:30:40","guid":{"rendered":"https:\/\/fitspa.de\/?page_id=108"},"modified":"2022-08-19T11:30:40","modified_gmt":"2022-08-19T09:30:40","slug":"fahrradtouren","status":"publish","type":"page","link":"https:\/\/fitspa.de\/?page_id=108","title":{"rendered":"Fahrradtouren"},"content":{"rendered":"\n<p>Zur Generierung von Wanderrouten (Wandern, Joggen)  und <strong>Fahrradtouren<\/strong> (Rad, Rennrad, Mountainbike, Bikepacking) empfehlen wir die App <strong>Komoot<\/strong>, welche i.d.R. eine Region kostenlos zur Verf\u00fcgung stellt:\u00a0<\/p>\n\n\n\n<p class=\"has-text-align-center\"><a href=\"https:\/\/support.komoot.com\/hc\/de\/articles\/4402496387098-Komoot-App-herunterladen\"><strong>Download<\/strong><\/a><\/p>\n\n\n\n<p>Die App dient als Routenplaner und als Navigationssystem und ber\u00fccksichtigt Ihr pers\u00f6nliches Fitness-Level &#8211; egal ob Rundkurs mit einer gew\u00fcnschten Dauer oder eine Tour zu einem bestimmten Ziel.<\/p>\n\n\n\n<figure class=\"wp-block-image size-full\"><img src=\"https:\/\/fitspa.de\/wp-content\/uploads\/Komoot.jpg\" alt=\"\" class=\"wp-image-108\"\/><\/figure>\n\n\n\n<p>Sprechen Sie uns gerne vor Ort an f\u00fcr eine kurze Einf\u00fchrung in die Nutzung: Sie bekommen eine <strong>Schritt-f\u00fcr-Schritt Anleitung zum mitmachen<\/strong> im <a rel=\"noreferrer noopener\" href=\"https:\/\/fitspa.de\/?hb_room=spa-bereich\" target=\"_blank\">fitSPA<\/a> auf einem Gro\u00dfbildschirm. Wir freuen uns auf Sie!<\/p>\n","protected":false},"excerpt":{"rendered":"<p>Zur Generierung von Wanderrouten (Wandern, Joggen) und Fahrradtouren (Rad, Rennrad, Mountainbike, Bikepacking) empfehlen wir die App Komoot, welche i.d.R. eine Region kostenlos zur Verf\u00fcgung stellt:\u00a0 Download Die App dient als Routenplaner und als Navigationssystem und ber\u00fccksichtigt Ihr pers\u00f6nliches Fitness-Level &#8211; egal ob Rundkurs mit einer gew\u00fcnschten Dauer oder eine Tour zu einem bestimmten Ziel. Sprechen<\/p>\n<div><a class=\"btn-filled btn\" href=\"https:\/\/fitspa.de\/?page_id=108\" title=\"Fahrradtouren\">Weiterlesen<\/a><\/div>\n","protected":false},"author":1,"featured_media":0,"parent":0,"menu_order":0,"comment_status":"closed","ping_status":"closed","template":"","meta":[],"_links":{"self":[{"href":"https:\/\/fitspa.de\/index.php?rest_route=\/wp\/v2\/pages\/108"}],"collection":[{"href":"https:\/\/fitspa.de\/index.php?rest_route=\/wp\/v2\/pages"}],"about":[{"href":"https:\/\/fitspa.de\/index.php?rest_route=\/wp\/v2\/types\/page"}],"author":[{"embeddable":true,"href":"https:\/\/fitspa.de\/index.php?rest_route=\/wp\/v2\/users\/1"}],"replies":[{"embeddable":true,"href":"https:\/\/fitspa.de\/index.php?rest_route=%2Fwp%2Fv2%2Fcomments&post=108"}],"version-history":[{"count":1,"href":"https:\/\/fitspa.de\/index.php?rest_route=\/wp\/v2\/pages\/108\/revisions"}],"predecessor-version":[{"id":109,"href":"https:\/\/fitspa.de\/index.php?rest_route=\/wp\/v2\/pages\/108\/revisions\/109"}],"wp:attachment":[{"href":"https:\/\/fitspa.de\/index.php?rest_route=%2Fwp%2Fv2%2Fmedia&parent=108"}],"curies":[{"name":"wp","href":"https:\/\/api.w.org\/{rel}","templated":true}]}}