{"id":117,"date":"2022-08-19T11:42:00","date_gmt":"2022-08-19T09:42:00","guid":{"rendered":"https:\/\/fitspa.de\/?page_id=117"},"modified":"2022-08-19T11:42:00","modified_gmt":"2022-08-19T09:42:00","slug":"sehenswuerdigkeiten","status":"publish","type":"page","link":"https:\/\/fitspa.de\/?page_id=117","title":{"rendered":"Sehensw\u00fcrdigkeiten"},"content":{"rendered":"\n<div class=\"wp-block-jetpack-slideshow aligncenter\" data-effect=\"slide\"><div class=\"wp-block-jetpack-slideshow_container swiper-container\"><ul class=\"wp-block-jetpack-slideshow_swiper-wrapper swiper-wrapper\"><li class=\"wp-block-jetpack-slideshow_slide swiper-slide\"><figure><img loading=\"lazy\" width=\"1429\" height=\"1046\" alt=\"\" class=\"wp-block-jetpack-slideshow_image wp-image-34\" data-id=\"34\" src=\"https:\/\/fitspa.de\/wp-content\/uploads\/Burgbachwasserfall-1.jpeg\" srcset=\"https:\/\/fitspa.de\/wp-content\/uploads\/Burgbachwasserfall-1.jpeg 1429w, https:\/\/fitspa.de\/wp-content\/uploads\/Burgbachwasserfall-1-300x220.jpeg 300w, https:\/\/fitspa.de\/wp-content\/uploads\/Burgbachwasserfall-1-1024x750.jpeg 1024w, https:\/\/fitspa.de\/wp-content\/uploads\/Burgbachwasserfall-1-768x562.jpeg 768w\" sizes=\"(max-width: 1429px) 100vw, 1429px\" \/><\/figure><\/li><li class=\"wp-block-jetpack-slideshow_slide swiper-slide\"><figure><img loading=\"lazy\" width=\"1600\" height=\"1347\" alt=\"\" class=\"wp-block-jetpack-slideshow_image wp-image-68\" data-id=\"68\" src=\"https:\/\/fitspa.de\/wp-content\/uploads\/Wasserschloss_Glatt_02_Edit.jpg\" srcset=\"https:\/\/fitspa.de\/wp-content\/uploads\/Wasserschloss_Glatt_02_Edit.jpg 1600w, https:\/\/fitspa.de\/wp-content\/uploads\/Wasserschloss_Glatt_02_Edit-300x253.jpg 300w, https:\/\/fitspa.de\/wp-content\/uploads\/Wasserschloss_Glatt_02_Edit-1024x862.jpg 1024w, https:\/\/fitspa.de\/wp-content\/uploads\/Wasserschloss_Glatt_02_Edit-768x647.jpg 768w, https:\/\/fitspa.de\/wp-content\/uploads\/Wasserschloss_Glatt_02_Edit-1536x1293.jpg 1536w\" sizes=\"(max-width: 1600px) 100vw, 1600px\" \/><\/figure><\/li><li class=\"wp-block-jetpack-slideshow_slide swiper-slide\"><figure><img loading=\"lazy\" width=\"1200\" height=\"702\" alt=\"\" class=\"wp-block-jetpack-slideshow_image wp-image-60\" data-id=\"60\" src=\"https:\/\/fitspa.de\/wp-content\/uploads\/Kloster_Alpirsbach.jpeg\" srcset=\"https:\/\/fitspa.de\/wp-content\/uploads\/Kloster_Alpirsbach.jpeg 1200w, https:\/\/fitspa.de\/wp-content\/uploads\/Kloster_Alpirsbach-300x176.jpeg 300w, https:\/\/fitspa.de\/wp-content\/uploads\/Kloster_Alpirsbach-1024x599.jpeg 1024w, https:\/\/fitspa.de\/wp-content\/uploads\/Kloster_Alpirsbach-768x449.jpeg 768w\" sizes=\"(max-width: 1200px) 100vw, 1200px\" \/><\/figure><\/li><li class=\"wp-block-jetpack-slideshow_slide swiper-slide\"><figure><img loading=\"lazy\" width=\"1238\" height=\"684\" alt=\"\" class=\"wp-block-jetpack-slideshow_image wp-image-64\" data-id=\"64\" src=\"https:\/\/fitspa.de\/wp-content\/uploads\/Stausee_kleine_Kinzig.jpeg\" srcset=\"https:\/\/fitspa.de\/wp-content\/uploads\/Stausee_kleine_Kinzig.jpeg 1238w, https:\/\/fitspa.de\/wp-content\/uploads\/Stausee_kleine_Kinzig-300x166.jpeg 300w, https:\/\/fitspa.de\/wp-content\/uploads\/Stausee_kleine_Kinzig-1024x566.jpeg 1024w, https:\/\/fitspa.de\/wp-content\/uploads\/Stausee_kleine_Kinzig-768x424.jpeg 768w\" sizes=\"(max-width: 1238px) 100vw, 1238px\" \/><\/figure><\/li><li class=\"wp-block-jetpack-slideshow_slide swiper-slide\"><figure><img loading=\"lazy\" width=\"1188\" height=\"572\" alt=\"\" class=\"wp-block-jetpack-slideshow_image wp-image-41\" data-id=\"41\" src=\"https:\/\/fitspa.de\/wp-content\/uploads\/Grossvatertanne2.jpg\" srcset=\"https:\/\/fitspa.de\/wp-content\/uploads\/Grossvatertanne2.jpg 1188w, https:\/\/fitspa.de\/wp-content\/uploads\/Grossvatertanne2-300x144.jpg 300w, https:\/\/fitspa.de\/wp-content\/uploads\/Grossvatertanne2-1024x493.jpg 1024w, https:\/\/fitspa.de\/wp-content\/uploads\/Grossvatertanne2-768x370.jpg 768w, https:\/\/fitspa.de\/wp-content\/uploads\/Grossvatertanne2-730x350.jpg 730w\" sizes=\"(max-width: 1188px) 100vw, 1188px\" \/><\/figure><\/li><li class=\"wp-block-jetpack-slideshow_slide swiper-slide\"><figure><img loading=\"lazy\" width=\"768\" height=\"576\" alt=\"\" class=\"wp-block-jetpack-slideshow_image wp-image-67\" data-id=\"67\" src=\"https:\/\/fitspa.de\/wp-content\/uploads\/Teisenkopfturm2.jpeg\" srcset=\"https:\/\/fitspa.de\/wp-content\/uploads\/Teisenkopfturm2.jpeg 768w, https:\/\/fitspa.de\/wp-content\/uploads\/Teisenkopfturm2-300x225.jpeg 300w\" sizes=\"(max-width: 768px) 100vw, 768px\" \/><\/figure><\/li><li class=\"wp-block-jetpack-slideshow_slide swiper-slide\"><figure><img loading=\"lazy\" width=\"1920\" height=\"1015\" alt=\"\" class=\"wp-block-jetpack-slideshow_image wp-image-32\" data-id=\"32\" src=\"https:\/\/fitspa.de\/wp-content\/uploads\/Boesinger_Wasserhaeusle.jpeg\" srcset=\"https:\/\/fitspa.de\/wp-content\/uploads\/Boesinger_Wasserhaeusle.jpeg 1920w, https:\/\/fitspa.de\/wp-content\/uploads\/Boesinger_Wasserhaeusle-300x159.jpeg 300w, https:\/\/fitspa.de\/wp-content\/uploads\/Boesinger_Wasserhaeusle-1024x541.jpeg 1024w, https:\/\/fitspa.de\/wp-content\/uploads\/Boesinger_Wasserhaeusle-768x406.jpeg 768w, https:\/\/fitspa.de\/wp-content\/uploads\/Boesinger_Wasserhaeusle-1536x812.jpeg 1536w\" sizes=\"(max-width: 1920px) 100vw, 1920px\" \/><\/figure><\/li><li class=\"wp-block-jetpack-slideshow_slide swiper-slide\"><figure><img loading=\"lazy\" width=\"1920\" height=\"1280\" alt=\"\" class=\"wp-block-jetpack-slideshow_image wp-image-30\" data-id=\"30\" src=\"https:\/\/fitspa.de\/wp-content\/uploads\/Biohof_Frey_1.jpg\" srcset=\"https:\/\/fitspa.de\/wp-content\/uploads\/Biohof_Frey_1.jpg 1920w, https:\/\/fitspa.de\/wp-content\/uploads\/Biohof_Frey_1-300x200.jpg 300w, https:\/\/fitspa.de\/wp-content\/uploads\/Biohof_Frey_1-1024x683.jpg 1024w, https:\/\/fitspa.de\/wp-content\/uploads\/Biohof_Frey_1-768x512.jpg 768w, https:\/\/fitspa.de\/wp-content\/uploads\/Biohof_Frey_1-1536x1024.jpg 1536w\" sizes=\"(max-width: 1920px) 100vw, 1920px\" \/><\/figure><\/li><li class=\"wp-block-jetpack-slideshow_slide swiper-slide\"><figure><img loading=\"lazy\" width=\"1920\" height=\"1280\" alt=\"\" class=\"wp-block-jetpack-slideshow_image wp-image-33\" data-id=\"33\" src=\"https:\/\/fitspa.de\/wp-content\/uploads\/Bueffelhof_Steinwand_1.jpg\" srcset=\"https:\/\/fitspa.de\/wp-content\/uploads\/Bueffelhof_Steinwand_1.jpg 1920w, https:\/\/fitspa.de\/wp-content\/uploads\/Bueffelhof_Steinwand_1-300x200.jpg 300w, https:\/\/fitspa.de\/wp-content\/uploads\/Bueffelhof_Steinwand_1-1024x683.jpg 1024w, https:\/\/fitspa.de\/wp-content\/uploads\/Bueffelhof_Steinwand_1-768x512.jpg 768w, https:\/\/fitspa.de\/wp-content\/uploads\/Bueffelhof_Steinwand_1-1536x1024.jpg 1536w\" sizes=\"(max-width: 1920px) 100vw, 1920px\" \/><\/figure><\/li><li class=\"wp-block-jetpack-slideshow_slide swiper-slide\"><figure><img loading=\"lazy\" width=\"2560\" height=\"710\" alt=\"\" class=\"wp-block-jetpack-slideshow_image wp-image-43\" data-id=\"43\" src=\"https:\/\/fitspa.de\/wp-content\/uploads\/IMG_20210905_140012_edit_WP.jpg\" srcset=\"https:\/\/fitspa.de\/wp-content\/uploads\/IMG_20210905_140012_edit_WP.jpg 2560w, https:\/\/fitspa.de\/wp-content\/uploads\/IMG_20210905_140012_edit_WP-300x83.jpg 300w, https:\/\/fitspa.de\/wp-content\/uploads\/IMG_20210905_140012_edit_WP-1024x284.jpg 1024w, https:\/\/fitspa.de\/wp-content\/uploads\/IMG_20210905_140012_edit_WP-768x213.jpg 768w, https:\/\/fitspa.de\/wp-content\/uploads\/IMG_20210905_140012_edit_WP-1536x426.jpg 1536w, https:\/\/fitspa.de\/wp-content\/uploads\/IMG_20210905_140012_edit_WP-2048x568.jpg 2048w\" sizes=\"(max-width: 2560px) 100vw, 2560px\" \/><\/figure><\/li><li class=\"wp-block-jetpack-slideshow_slide swiper-slide\"><figure><img loading=\"lazy\" width=\"2560\" height=\"829\" alt=\"\" class=\"wp-block-jetpack-slideshow_image wp-image-42\" data-id=\"42\" src=\"https:\/\/fitspa.de\/wp-content\/uploads\/IMG_20210905_135352_edit_WP.jpg\" srcset=\"https:\/\/fitspa.de\/wp-content\/uploads\/IMG_20210905_135352_edit_WP.jpg 2560w, https:\/\/fitspa.de\/wp-content\/uploads\/IMG_20210905_135352_edit_WP-300x97.jpg 300w, https:\/\/fitspa.de\/wp-content\/uploads\/IMG_20210905_135352_edit_WP-1024x332.jpg 1024w, https:\/\/fitspa.de\/wp-content\/uploads\/IMG_20210905_135352_edit_WP-768x249.jpg 768w, https:\/\/fitspa.de\/wp-content\/uploads\/IMG_20210905_135352_edit_WP-1536x497.jpg 1536w, https:\/\/fitspa.de\/wp-content\/uploads\/IMG_20210905_135352_edit_WP-2048x663.jpg 2048w\" sizes=\"(max-width: 2560px) 100vw, 2560px\" \/><\/figure><\/li><li class=\"wp-block-jetpack-slideshow_slide swiper-slide\"><figure><img loading=\"lazy\" width=\"2560\" height=\"1185\" alt=\"\" class=\"wp-block-jetpack-slideshow_image wp-image-45\" data-id=\"45\" src=\"https:\/\/fitspa.de\/wp-content\/uploads\/IMG_20210905_141402_edit_WP.jpg\" srcset=\"https:\/\/fitspa.de\/wp-content\/uploads\/IMG_20210905_141402_edit_WP.jpg 2560w, https:\/\/fitspa.de\/wp-content\/uploads\/IMG_20210905_141402_edit_WP-300x139.jpg 300w, https:\/\/fitspa.de\/wp-content\/uploads\/IMG_20210905_141402_edit_WP-1024x474.jpg 1024w, https:\/\/fitspa.de\/wp-content\/uploads\/IMG_20210905_141402_edit_WP-768x356.jpg 768w, https:\/\/fitspa.de\/wp-content\/uploads\/IMG_20210905_141402_edit_WP-1536x711.jpg 1536w, https:\/\/fitspa.de\/wp-content\/uploads\/IMG_20210905_141402_edit_WP-2048x948.jpg 2048w\" sizes=\"(max-width: 2560px) 100vw, 2560px\" \/><\/figure><\/li><li class=\"wp-block-jetpack-slideshow_slide swiper-slide\"><figure><img loading=\"lazy\" width=\"2560\" height=\"1023\" alt=\"\" class=\"wp-block-jetpack-slideshow_image wp-image-51\" data-id=\"51\" src=\"https:\/\/fitspa.de\/wp-content\/uploads\/IMG_20210905_142900_Aussicht2.jpg\" srcset=\"https:\/\/fitspa.de\/wp-content\/uploads\/IMG_20210905_142900_Aussicht2.jpg 2560w, https:\/\/fitspa.de\/wp-content\/uploads\/IMG_20210905_142900_Aussicht2-300x120.jpg 300w, https:\/\/fitspa.de\/wp-content\/uploads\/IMG_20210905_142900_Aussicht2-1024x409.jpg 1024w, https:\/\/fitspa.de\/wp-content\/uploads\/IMG_20210905_142900_Aussicht2-768x307.jpg 768w, https:\/\/fitspa.de\/wp-content\/uploads\/IMG_20210905_142900_Aussicht2-1536x614.jpg 1536w, https:\/\/fitspa.de\/wp-content\/uploads\/IMG_20210905_142900_Aussicht2-2048x818.jpg 2048w\" sizes=\"(max-width: 2560px) 100vw, 2560px\" \/><\/figure><\/li><li class=\"wp-block-jetpack-slideshow_slide swiper-slide\"><figure><img loading=\"lazy\" width=\"1908\" height=\"2560\" alt=\"\" class=\"wp-block-jetpack-slideshow_image wp-image-44\" data-id=\"44\" src=\"https:\/\/fitspa.de\/wp-content\/uploads\/IMG_20210905_140753_edit_WP-3.jpg\" srcset=\"https:\/\/fitspa.de\/wp-content\/uploads\/IMG_20210905_140753_edit_WP-3.jpg 1908w, https:\/\/fitspa.de\/wp-content\/uploads\/IMG_20210905_140753_edit_WP-3-224x300.jpg 224w, https:\/\/fitspa.de\/wp-content\/uploads\/IMG_20210905_140753_edit_WP-3-763x1024.jpg 763w, https:\/\/fitspa.de\/wp-content\/uploads\/IMG_20210905_140753_edit_WP-3-768x1030.jpg 768w, https:\/\/fitspa.de\/wp-content\/uploads\/IMG_20210905_140753_edit_WP-3-1145x1536.jpg 1145w, https:\/\/fitspa.de\/wp-content\/uploads\/IMG_20210905_140753_edit_WP-3-1526x2048.jpg 1526w\" sizes=\"(max-width: 1908px) 100vw, 1908px\" \/><\/figure><\/li><\/ul><a class=\"wp-block-jetpack-slideshow_button-prev swiper-button-prev swiper-button-white\" role=\"button\"><\/a><a class=\"wp-block-jetpack-slideshow_button-next swiper-button-next swiper-button-white\" role=\"button\"><\/a><a aria-label=\"Pause Slideshow\" class=\"wp-block-jetpack-slideshow_button-pause\" role=\"button\"><\/a><div class=\"wp-block-jetpack-slideshow_pagination swiper-pagination swiper-pagination-white\"><\/div><\/div><\/div>\n\n\n\n<p class=\"has-text-align-center\"><a rel=\"noreferrer noopener\" href=\"https:\/\/www.hof-steinwand.de\/\" target=\"_blank\">B\u00fcffelhof<\/a><br><a rel=\"noreferrer noopener\" href=\"https:\/\/www.biohof-frey.de\/\" target=\"_blank\">Bioland Hofladen<\/a><br><a rel=\"noreferrer noopener\" href=\"https:\/\/www.touren-schwarzwald.info\/de\/punkt\/staumauer\/stausee-kleine-kinzig\/4707695\/\" target=\"_blank\">B\u00f6singer Wasserh\u00e4usle<\/a><br><a rel=\"noreferrer noopener\" href=\"https:\/\/www.schwarzwald-tourismus.info\/attraktionen\/freudenstadt-grossvatertanne-1c48f38461\" target=\"_blank\">Burgbachwasserfall<\/a><br><a rel=\"noreferrer noopener\" href=\"http:\/\/www.schlosscafeglatt.de\/\" target=\"_blank\">Wasserschloss mit Caf\u00e9<\/a><br><a rel=\"noreferrer noopener\" href=\"https:\/\/www.schwarzwald-tourismus.info\/attraktionen\/freudenstadt-grossvatertanne-1c48f38461\" target=\"_blank\">Gro\u00dfvatertanne<\/a><br><a rel=\"noreferrer noopener\" href=\"https:\/\/www.kloster-alpirsbach.de\/\" target=\"_blank\">Kloster Alpirsbach<\/a><br><a rel=\"noreferrer noopener\" href=\"https:\/\/www.touren-schwarzwald.info\/de\/punkt\/staumauer\/stausee-kleine-kinzig\/4707695\/\" target=\"_blank\">Stausee kl. Kinzig<\/a><br><a rel=\"noreferrer noopener\" href=\"https:\/\/www.schwarzwald-tourismus.info\/attraktionen\/teisenkopfturm-74e20d02a9\" target=\"_blank\">Teisenkopfturm<\/a><\/p>\n\n\n\n<p><\/p>\n","protected":false},"excerpt":{"rendered":"<p>B\u00fcffelhofBioland HofladenB\u00f6singer Wasserh\u00e4usleBurgbachwasserfallWasserschloss mit Caf\u00e9Gro\u00dfvatertanneKloster AlpirsbachStausee kl. KinzigTeisenkopfturm<\/p>\n","protected":false},"author":1,"featured_media":0,"parent":0,"menu_order":0,"comment_status":"closed","ping_status":"closed","template":"","meta":[],"_links":{"self":[{"href":"https:\/\/fitspa.de\/index.php?rest_route=\/wp\/v2\/pages\/117"}],"collection":[{"href":"https:\/\/fitspa.de\/index.php?rest_route=\/wp\/v2\/pages"}],"about":[{"href":"https:\/\/fitspa.de\/index.php?rest_route=\/wp\/v2\/types\/page"}],"author":[{"embeddable":true,"href":"https:\/\/fitspa.de\/index.php?rest_route=\/wp\/v2\/users\/1"}],"replies":[{"embeddable":true,"href":"https:\/\/fitspa.de\/index.php?rest_route=%2Fwp%2Fv2%2Fcomments&post=117"}],"version-history":[{"count":1,"href":"https:\/\/fitspa.de\/index.php?rest_route=\/wp\/v2\/pages\/117\/revisions"}],"predecessor-version":[{"id":118,"href":"https:\/\/fitspa.de\/index.php?rest_route=\/wp\/v2\/pages\/117\/revisions\/118"}],"wp:attachment":[{"href":"https:\/\/fitspa.de\/index.php?rest_route=%2Fwp%2Fv2%2Fmedia&parent=117"}],"curies":[{"name":"wp","href":"https:\/\/api.w.org\/{rel}","templated":true}]}}