{"id":140,"date":"2022-08-19T19:23:09","date_gmt":"2022-08-19T17:23:09","guid":{"rendered":"https:\/\/fitspa.de\/?page_id=140"},"modified":"2022-08-19T19:43:53","modified_gmt":"2022-08-19T17:43:53","slug":"burgbachfelsen-am-wasserfall","status":"publish","type":"page","link":"https:\/\/fitspa.de\/?page_id=140","title":{"rendered":"Burgbachfelsen am Wasserfall"},"content":{"rendered":"\n<p>Der Burgbachwasserfall in der N\u00e4he von Bad Rippoldsau-Schapbach im Schwarzwald ist mit einer freien Fallh\u00f6he von 15 Meter und einer Gesamth\u00f6he von 32 Meter einer der h\u00f6chsten frei fallenden Wasserf\u00e4lle in Deutschland.<\/p>\n\n\n\n<p>Der Burgbachfelsen mit Aussichtspavillon neben dem Burgbachwasserfall im Schwarzwald ist eine von mehreren beeindruckenden Sehensw\u00fcrdigkeiten. <a href=\"https:\/\/www.schwarzwald-tourismus.info\/attraktionen\/freudenstadt-grossvatertanne-1c48f38461\">Weitere Informationen<\/a><\/p>\n\n\n\n<div class=\"wp-block-columns\">\n<div class=\"wp-block-column\" style=\"flex-basis:100%\">\n<div class=\"wp-block-jetpack-tiled-gallery aligncenter is-style-rectangular\"><div class=\"tiled-gallery__gallery\"><div class=\"tiled-gallery__row\"><div class=\"tiled-gallery__col\" style=\"flex-basis:66.74718%\"><figure class=\"tiled-gallery__item\"><img srcset=\"https:\/\/i2.wp.com\/fitspa.de\/wp-content\/uploads\/Burgbachfelsen_02_IMG_20220815_192607_INSTAGRAM-scaled.jpg?strip=info&#038;w=600&#038;ssl=1 600w,https:\/\/i2.wp.com\/fitspa.de\/wp-content\/uploads\/Burgbachfelsen_02_IMG_20220815_192607_INSTAGRAM-scaled.jpg?strip=info&#038;w=900&#038;ssl=1 900w,https:\/\/i2.wp.com\/fitspa.de\/wp-content\/uploads\/Burgbachfelsen_02_IMG_20220815_192607_INSTAGRAM-scaled.jpg?strip=info&#038;w=1200&#038;ssl=1 1200w,https:\/\/i2.wp.com\/fitspa.de\/wp-content\/uploads\/Burgbachfelsen_02_IMG_20220815_192607_INSTAGRAM-scaled.jpg?strip=info&#038;w=1500&#038;ssl=1 1500w,https:\/\/i2.wp.com\/fitspa.de\/wp-content\/uploads\/Burgbachfelsen_02_IMG_20220815_192607_INSTAGRAM-scaled.jpg?strip=info&#038;w=1800&#038;ssl=1 1800w,https:\/\/i2.wp.com\/fitspa.de\/wp-content\/uploads\/Burgbachfelsen_02_IMG_20220815_192607_INSTAGRAM-scaled.jpg?strip=info&#038;w=2000&#038;ssl=1 2000w\" alt=\"\" data-height=\"2560\" data-id=\"136\" data-link=\"https:\/\/fitspa.de\/?attachment_id=136\" data-url=\"https:\/\/fitspa.de\/wp-content\/uploads\/Burgbachfelsen_02_IMG_20220815_192607_INSTAGRAM-scaled.jpg\" data-width=\"2560\" src=\"https:\/\/i2.wp.com\/fitspa.de\/wp-content\/uploads\/Burgbachfelsen_02_IMG_20220815_192607_INSTAGRAM-scaled.jpg?ssl=1\" data-amp-layout=\"responsive\"\/><\/figure><\/div><div class=\"tiled-gallery__col\" style=\"flex-basis:33.25282%\"><figure class=\"tiled-gallery__item\"><img srcset=\"https:\/\/i2.wp.com\/fitspa.de\/wp-content\/uploads\/Burgbachfelsen_01_IMG_20220815_192017_INSTAGRAM-scaled.jpg?strip=info&#038;w=600&#038;ssl=1 600w,https:\/\/i2.wp.com\/fitspa.de\/wp-content\/uploads\/Burgbachfelsen_01_IMG_20220815_192017_INSTAGRAM-scaled.jpg?strip=info&#038;w=900&#038;ssl=1 900w,https:\/\/i2.wp.com\/fitspa.de\/wp-content\/uploads\/Burgbachfelsen_01_IMG_20220815_192017_INSTAGRAM-scaled.jpg?strip=info&#038;w=1200&#038;ssl=1 1200w,https:\/\/i2.wp.com\/fitspa.de\/wp-content\/uploads\/Burgbachfelsen_01_IMG_20220815_192017_INSTAGRAM-scaled.jpg?strip=info&#038;w=1500&#038;ssl=1 1500w,https:\/\/i2.wp.com\/fitspa.de\/wp-content\/uploads\/Burgbachfelsen_01_IMG_20220815_192017_INSTAGRAM-scaled.jpg?strip=info&#038;w=1800&#038;ssl=1 1800w,https:\/\/i2.wp.com\/fitspa.de\/wp-content\/uploads\/Burgbachfelsen_01_IMG_20220815_192017_INSTAGRAM-scaled.jpg?strip=info&#038;w=2000&#038;ssl=1 2000w\" alt=\"\" data-height=\"2560\" data-id=\"135\" data-link=\"https:\/\/fitspa.de\/?attachment_id=135\" data-url=\"https:\/\/fitspa.de\/wp-content\/uploads\/Burgbachfelsen_01_IMG_20220815_192017_INSTAGRAM-scaled.jpg\" data-width=\"2560\" src=\"https:\/\/i2.wp.com\/fitspa.de\/wp-content\/uploads\/Burgbachfelsen_01_IMG_20220815_192017_INSTAGRAM-scaled.jpg?ssl=1\" data-amp-layout=\"responsive\"\/><\/figure><figure class=\"tiled-gallery__item\"><img srcset=\"https:\/\/i2.wp.com\/fitspa.de\/wp-content\/uploads\/Burgbachfelsen_03_IMG_20220815_174117_INSTAGRAM-scaled.jpg?strip=info&#038;w=600&#038;ssl=1 600w,https:\/\/i2.wp.com\/fitspa.de\/wp-content\/uploads\/Burgbachfelsen_03_IMG_20220815_174117_INSTAGRAM-scaled.jpg?strip=info&#038;w=900&#038;ssl=1 900w,https:\/\/i2.wp.com\/fitspa.de\/wp-content\/uploads\/Burgbachfelsen_03_IMG_20220815_174117_INSTAGRAM-scaled.jpg?strip=info&#038;w=1200&#038;ssl=1 1200w,https:\/\/i2.wp.com\/fitspa.de\/wp-content\/uploads\/Burgbachfelsen_03_IMG_20220815_174117_INSTAGRAM-scaled.jpg?strip=info&#038;w=1500&#038;ssl=1 1500w,https:\/\/i2.wp.com\/fitspa.de\/wp-content\/uploads\/Burgbachfelsen_03_IMG_20220815_174117_INSTAGRAM-scaled.jpg?strip=info&#038;w=1800&#038;ssl=1 1800w,https:\/\/i2.wp.com\/fitspa.de\/wp-content\/uploads\/Burgbachfelsen_03_IMG_20220815_174117_INSTAGRAM-scaled.jpg?strip=info&#038;w=2000&#038;ssl=1 2000w\" alt=\"\" data-height=\"2560\" data-id=\"137\" data-link=\"https:\/\/fitspa.de\/?attachment_id=137\" data-url=\"https:\/\/fitspa.de\/wp-content\/uploads\/Burgbachfelsen_03_IMG_20220815_174117_INSTAGRAM-scaled.jpg\" data-width=\"2560\" src=\"https:\/\/i2.wp.com\/fitspa.de\/wp-content\/uploads\/Burgbachfelsen_03_IMG_20220815_174117_INSTAGRAM-scaled.jpg?ssl=1\" data-amp-layout=\"responsive\"\/><\/figure><\/div><\/div><div class=\"tiled-gallery__row\"><div class=\"tiled-gallery__col\" style=\"flex-basis:26.73858%\"><figure class=\"tiled-gallery__item\"><img srcset=\"https:\/\/i1.wp.com\/fitspa.de\/wp-content\/uploads\/Burgbachfelsen_04_IMG_20220815_192206_INSTAGRAM-scaled.jpg?strip=info&#038;w=600&#038;ssl=1 600w,https:\/\/i1.wp.com\/fitspa.de\/wp-content\/uploads\/Burgbachfelsen_04_IMG_20220815_192206_INSTAGRAM-scaled.jpg?strip=info&#038;w=900&#038;ssl=1 900w,https:\/\/i1.wp.com\/fitspa.de\/wp-content\/uploads\/Burgbachfelsen_04_IMG_20220815_192206_INSTAGRAM-scaled.jpg?strip=info&#038;w=1200&#038;ssl=1 1200w,https:\/\/i1.wp.com\/fitspa.de\/wp-content\/uploads\/Burgbachfelsen_04_IMG_20220815_192206_INSTAGRAM-scaled.jpg?strip=info&#038;w=1500&#038;ssl=1 1500w,https:\/\/i1.wp.com\/fitspa.de\/wp-content\/uploads\/Burgbachfelsen_04_IMG_20220815_192206_INSTAGRAM-scaled.jpg?strip=info&#038;w=1800&#038;ssl=1 1800w,https:\/\/i1.wp.com\/fitspa.de\/wp-content\/uploads\/Burgbachfelsen_04_IMG_20220815_192206_INSTAGRAM-scaled.jpg?strip=info&#038;w=2000&#038;ssl=1 2000w\" alt=\"\" data-height=\"2560\" data-id=\"138\" data-link=\"https:\/\/fitspa.de\/?attachment_id=138\" data-url=\"https:\/\/fitspa.de\/wp-content\/uploads\/Burgbachfelsen_04_IMG_20220815_192206_INSTAGRAM-scaled.jpg\" data-width=\"2560\" src=\"https:\/\/i1.wp.com\/fitspa.de\/wp-content\/uploads\/Burgbachfelsen_04_IMG_20220815_192206_INSTAGRAM-scaled.jpg?ssl=1\" data-amp-layout=\"responsive\"\/><\/figure><figure class=\"tiled-gallery__item\"><img srcset=\"https:\/\/i1.wp.com\/fitspa.de\/wp-content\/uploads\/Burgbachfelsen_05_IMG_20220815_192229_INSTAGRAM-scaled.jpg?strip=info&#038;w=600&#038;ssl=1 600w,https:\/\/i1.wp.com\/fitspa.de\/wp-content\/uploads\/Burgbachfelsen_05_IMG_20220815_192229_INSTAGRAM-scaled.jpg?strip=info&#038;w=900&#038;ssl=1 900w,https:\/\/i1.wp.com\/fitspa.de\/wp-content\/uploads\/Burgbachfelsen_05_IMG_20220815_192229_INSTAGRAM-scaled.jpg?strip=info&#038;w=1200&#038;ssl=1 1200w,https:\/\/i1.wp.com\/fitspa.de\/wp-content\/uploads\/Burgbachfelsen_05_IMG_20220815_192229_INSTAGRAM-scaled.jpg?strip=info&#038;w=1500&#038;ssl=1 1500w,https:\/\/i1.wp.com\/fitspa.de\/wp-content\/uploads\/Burgbachfelsen_05_IMG_20220815_192229_INSTAGRAM-scaled.jpg?strip=info&#038;w=1800&#038;ssl=1 1800w,https:\/\/i1.wp.com\/fitspa.de\/wp-content\/uploads\/Burgbachfelsen_05_IMG_20220815_192229_INSTAGRAM-scaled.jpg?strip=info&#038;w=2000&#038;ssl=1 2000w\" alt=\"\" data-height=\"2560\" data-id=\"139\" data-link=\"https:\/\/fitspa.de\/?attachment_id=139\" data-url=\"https:\/\/fitspa.de\/wp-content\/uploads\/Burgbachfelsen_05_IMG_20220815_192229_INSTAGRAM-scaled.jpg\" data-width=\"2560\" src=\"https:\/\/i1.wp.com\/fitspa.de\/wp-content\/uploads\/Burgbachfelsen_05_IMG_20220815_192229_INSTAGRAM-scaled.jpg?ssl=1\" data-amp-layout=\"responsive\"\/><\/figure><\/div><div class=\"tiled-gallery__col\" style=\"flex-basis:73.26142%\"><figure class=\"tiled-gallery__item\"><img srcset=\"https:\/\/i1.wp.com\/fitspa.de\/wp-content\/uploads\/Burgbachwasserfall-1.jpeg?strip=info&#038;w=600&#038;ssl=1 600w,https:\/\/i1.wp.com\/fitspa.de\/wp-content\/uploads\/Burgbachwasserfall-1.jpeg?strip=info&#038;w=900&#038;ssl=1 900w,https:\/\/i1.wp.com\/fitspa.de\/wp-content\/uploads\/Burgbachwasserfall-1.jpeg?strip=info&#038;w=1200&#038;ssl=1 1200w,https:\/\/i1.wp.com\/fitspa.de\/wp-content\/uploads\/Burgbachwasserfall-1.jpeg?strip=info&#038;w=1429&#038;ssl=1 1429w\" alt=\"\" data-height=\"1046\" data-id=\"34\" data-link=\"https:\/\/fitspa.de\/?attachment_id=34\" data-url=\"https:\/\/fitspa.de\/wp-content\/uploads\/Burgbachwasserfall-1.jpeg\" data-width=\"1429\" src=\"https:\/\/i1.wp.com\/fitspa.de\/wp-content\/uploads\/Burgbachwasserfall-1.jpeg?ssl=1\" data-amp-layout=\"responsive\"\/><\/figure><\/div><\/div><\/div><\/div>\n<\/div>\n<\/div>\n\n\n\n<p><em>fotos: fitSPA.de<\/em><\/p>\n","protected":false},"excerpt":{"rendered":"<p>Der Burgbachwasserfall in der N\u00e4he von Bad Rippoldsau-Schapbach im Schwarzwald ist mit einer freien Fallh\u00f6he von 15 Meter und einer Gesamth\u00f6he von 32 Meter einer der h\u00f6chsten frei fallenden Wasserf\u00e4lle in Deutschland. Der Burgbachfelsen mit Aussichtspavillon neben dem Burgbachwasserfall im Schwarzwald ist eine von mehreren beeindruckenden Sehensw\u00fcrdigkeiten. Weitere Informationen fotos: fitSPA.de<\/p>\n","protected":false},"author":1,"featured_media":0,"parent":0,"menu_order":0,"comment_status":"closed","ping_status":"closed","template":"","meta":[],"_links":{"self":[{"href":"https:\/\/fitspa.de\/index.php?rest_route=\/wp\/v2\/pages\/140"}],"collection":[{"href":"https:\/\/fitspa.de\/index.php?rest_route=\/wp\/v2\/pages"}],"about":[{"href":"https:\/\/fitspa.de\/index.php?rest_route=\/wp\/v2\/types\/page"}],"author":[{"embeddable":true,"href":"https:\/\/fitspa.de\/index.php?rest_route=\/wp\/v2\/users\/1"}],"replies":[{"embeddable":true,"href":"https:\/\/fitspa.de\/index.php?rest_route=%2Fwp%2Fv2%2Fcomments&post=140"}],"version-history":[{"count":7,"href":"https:\/\/fitspa.de\/index.php?rest_route=\/wp\/v2\/pages\/140\/revisions"}],"predecessor-version":[{"id":154,"href":"https:\/\/fitspa.de\/index.php?rest_route=\/wp\/v2\/pages\/140\/revisions\/154"}],"wp:attachment":[{"href":"https:\/\/fitspa.de\/index.php?rest_route=%2Fwp%2Fv2%2Fmedia&parent=140"}],"curies":[{"name":"wp","href":"https:\/\/api.w.org\/{rel}","templated":true}]}}